{"id":4,"date":"2015-12-12T19:18:04","date_gmt":"2015-12-12T19:18:04","guid":{"rendered":"http:\/\/transl8er.com\/?page_id=4"},"modified":"2019-10-23T18:13:50","modified_gmt":"2019-10-23T18:13:50","slug":"4-2","status":"publish","type":"page","link":"https:\/\/transl8er.com\/","title":{"rendered":""},"content":{"rendered":"<p style=\"text-align: center;\"><span style=\"color: #9e040e;\"><strong><span style=\"font-size: large;\">S<\/span><\/strong><\/span>ie w\u00fcnschen eine <strong>zuverl\u00e4ssig<\/strong>e, <strong>akurat<\/strong>e \u00dcbersetzung \u00a0und das auch noch <strong>schnell<\/strong>?<\/p>\n<p style=\"text-align: center;\">Oder mu\u00df Ihre Website\/App\/Text\/Buch\/Slogan individuell und neu f\u00fcr den deutschen Markt gestaltet werden und dies m\u00f6glichst <strong>kreativ<\/strong>,<strong> originell<\/strong> und <strong>clever<\/strong>?<\/p>\n<p style=\"text-align: center;\"><strong>Dann haben Sie Ihren Transl8er gefunden!<\/strong><\/p>\n<p style=\"text-align: center;\"><em>Gerne unterbreite ich Ihnen ein ganz pers\u00f6nliches Angebot!<\/em><\/p>\n<p style=\"text-align: center;\">\u00b0\u00b0\u00b0\u00b0\u00b0\u00b0\u00b0\u00b0\u00b0\u00b0\u00b0\u00b0\u00b0\u00b0\u00b0\u00b0\u00b0\u00b0\u00b0\u00b0\u00b0\u00b0\u00b0\u00b0\u00b0\u00b0\u00b0\u00b0\u00b0\u00b0\u00b0\u00b0\u00b0\u00b0\u00b0\u00b0\u00b0\u00b0\u00b0\u00b0<\/p>\n<p style=\"text-align: center;\"><span style=\"color: #9e040e;\"><strong><span style=\"font-size: large;\">D<\/span><\/strong><\/span>o you need a\u00a0<strong>reliable<\/strong>\u00a0translation that is <strong>accurately<\/strong> done and handed back\u00a0<strong>fast<\/strong>?<\/p>\n<p style=\"text-align: center;\">Or does your website\/app\/text\/book\/slogan need an individual new design for the German market and you&#8217;d like that done very<strong> creative<\/strong>, <strong>unique<\/strong> yet\u00a0<strong>cunning<\/strong>?<\/p>\n<p style=\"text-align: center;\"><strong>Look no further. You&#8217;ve found your Transl8er!<\/strong><\/p>\n<p style=\"text-align: center;\"><em>Please contact me for your individual quote!<\/em><\/p>\n","protected":false},"excerpt":{"rendered":"<p>Sie w\u00fcnschen eine zuverl\u00e4ssige, akurate \u00dcbersetzung \u00a0und das auch noch schnell? Oder mu\u00df Ihre Website\/App\/Text\/Buch\/Slogan individuell und neu f\u00fcr den deutschen Markt gestaltet werden und dies m\u00f6glichst kreativ, originell und clever? Dann haben Sie Ihren Transl8er gefunden! Gerne unterbreite ich Ihnen ein ganz pers\u00f6nliches Angebot! \u00b0\u00b0\u00b0\u00b0\u00b0\u00b0\u00b0\u00b0\u00b0\u00b0\u00b0\u00b0\u00b0\u00b0\u00b0\u00b0\u00b0\u00b0\u00b0\u00b0\u00b0\u00b0\u00b0\u00b0\u00b0\u00b0\u00b0\u00b0\u00b0\u00b0\u00b0\u00b0\u00b0\u00b0\u00b0\u00b0\u00b0\u00b0\u00b0\u00b0 Do you need a\u00a0reliable\u00a0translation that is accurately done and [&hellip;]<\/p>\n","protected":false},"author":1,"featured_media":0,"parent":0,"menu_order":0,"comment_status":"closed","ping_status":"closed","template":"","meta":[],"_links":{"self":[{"href":"https:\/\/transl8er.com\/index.php?rest_route=\/wp\/v2\/pages\/4"}],"collection":[{"href":"https:\/\/transl8er.com\/index.php?rest_route=\/wp\/v2\/pages"}],"about":[{"href":"https:\/\/transl8er.com\/index.php?rest_route=\/wp\/v2\/types\/page"}],"author":[{"embeddable":true,"href":"https:\/\/transl8er.com\/index.php?rest_route=\/wp\/v2\/users\/1"}],"replies":[{"embeddable":true,"href":"https:\/\/transl8er.com\/index.php?rest_route=%2Fwp%2Fv2%2Fcomments&post=4"}],"version-history":[{"count":2,"href":"https:\/\/transl8er.com\/index.php?rest_route=\/wp\/v2\/pages\/4\/revisions"}],"predecessor-version":[{"id":45,"href":"https:\/\/transl8er.com\/index.php?rest_route=\/wp\/v2\/pages\/4\/revisions\/45"}],"wp:attachment":[{"href":"https:\/\/transl8er.com\/index.php?rest_route=%2Fwp%2Fv2%2Fmedia&parent=4"}],"curies":[{"name":"wp","href":"https:\/\/api.w.org\/{rel}","templated":true}]}}