{"id":15,"date":"2015-12-12T19:20:07","date_gmt":"2015-12-12T19:20:07","guid":{"rendered":"http:\/\/transl8er.com\/?page_id=15"},"modified":"2019-10-23T18:25:34","modified_gmt":"2019-10-23T18:25:34","slug":"preise","status":"publish","type":"page","link":"https:\/\/transl8er.com\/?page_id=15","title":{"rendered":"Preise"},"content":{"rendered":"<p><em><strong>Jeder Text ist anders, so auch die Preise. Bitte kontaktieren Sie mich f\u00fcr Ihr ganz pers\u00f6nliches Angebot.<\/strong><\/em><\/p>\n<p><em><strong>Hier meine Preisstruktur im \u00dcberblick:<\/strong><\/em><\/p>\n<p>EN-DE: 0.08 &#8211; 0.12 EUR pro Wort<br \/>\nProofing: 0,05 &#8211; 0,07 Euro pro Wort \/ 35 &#8211; 50 EUR pro Stunde<\/p>\n<div>\n<div><\/div>\n<div>\u00a0 \u00a0 \u00a0 \u00a0 \u00a0 \u00a0 \u00a0 \u00a0 \u00a0 \u00a0 \u00a0 \u00a0 \u00a0 \u00a0 \u00a0 \u00a0&#8212;&#8212;&#8212;&#8212;&#8212;&#8212;<\/div>\n<div><\/div>\n<\/div>\n<p><em><strong>Every text is unique and so are the prices. Please contact me for a personal quote.<\/strong><\/em><\/p>\n<p><em><strong>To give you an overview, here my price structure:<\/strong><\/em><\/p>\n<p>EN-DE: 0.08 &#8211; 0.12 EUR per word<br \/>\nProofing: 0,05 &#8211; 0,07 Euro per word \/ 35 &#8211; 50\u00a0EUR per hour<\/p>\n","protected":false},"excerpt":{"rendered":"<p>Jeder Text ist anders, so auch die Preise. Bitte kontaktieren Sie mich f\u00fcr Ihr ganz pers\u00f6nliches Angebot. Hier meine Preisstruktur im \u00dcberblick: EN-DE: 0.08 &#8211; 0.12 EUR pro Wort Proofing: 0,05 &#8211; 0,07 Euro pro Wort \/ 35 &#8211; 50 EUR pro Stunde \u00a0 \u00a0 \u00a0 \u00a0 \u00a0 \u00a0 \u00a0 \u00a0 \u00a0 \u00a0 \u00a0 \u00a0 [&hellip;]<\/p>\n","protected":false},"author":1,"featured_media":0,"parent":0,"menu_order":0,"comment_status":"closed","ping_status":"closed","template":"","meta":[],"_links":{"self":[{"href":"https:\/\/transl8er.com\/index.php?rest_route=\/wp\/v2\/pages\/15"}],"collection":[{"href":"https:\/\/transl8er.com\/index.php?rest_route=\/wp\/v2\/pages"}],"about":[{"href":"https:\/\/transl8er.com\/index.php?rest_route=\/wp\/v2\/types\/page"}],"author":[{"embeddable":true,"href":"https:\/\/transl8er.com\/index.php?rest_route=\/wp\/v2\/users\/1"}],"replies":[{"embeddable":true,"href":"https:\/\/transl8er.com\/index.php?rest_route=%2Fwp%2Fv2%2Fcomments&post=15"}],"version-history":[{"count":4,"href":"https:\/\/transl8er.com\/index.php?rest_route=\/wp\/v2\/pages\/15\/revisions"}],"predecessor-version":[{"id":52,"href":"https:\/\/transl8er.com\/index.php?rest_route=\/wp\/v2\/pages\/15\/revisions\/52"}],"wp:attachment":[{"href":"https:\/\/transl8er.com\/index.php?rest_route=%2Fwp%2Fv2%2Fmedia&parent=15"}],"curies":[{"name":"wp","href":"https:\/\/api.w.org\/{rel}","templated":true}]}}