{"id":11,"date":"2015-12-12T19:19:31","date_gmt":"2015-12-12T19:19:31","guid":{"rendered":"http:\/\/transl8er.com\/?page_id=11"},"modified":"2018-06-01T19:43:20","modified_gmt":"2018-06-01T19:43:20","slug":"impressum","status":"publish","type":"page","link":"https:\/\/transl8er.com\/?page_id=11","title":{"rendered":"Impressum"},"content":{"rendered":"<p align=\"left\">Verantwortlich f\u00fcr den Inhalt und dessen Richtigkeit dieser Webseite ist:<\/p>\n<p align=\"left\"><strong>Andrea Nold<\/strong><br \/>\n1061 Marine Drive<\/p>\n<p align=\"left\">North Vancouver, B.C. V7P 1S6<\/p>\n<p>&#8211; &#8211; &#8211; &#8211; &#8211; &#8211; &#8211; &#8211; &#8211; &#8211; &#8211; &#8211; &#8211; &#8211; &#8211; &#8211; &#8211; &#8211; &#8211; &#8211; &#8211; &#8211; &#8211; &#8211; &#8211; &#8211; &#8211; &#8211;<br \/>\nInternet: http:\/\/www.transl8er.com<br \/>\nE-Mail: office@transl8er.com<br \/>\n&#8211; &#8211; &#8211; &#8211; &#8211; &#8211; &#8211; &#8211; &#8211; &#8211; &#8211; &#8211; &#8211; &#8211; &#8211; &#8211; &#8211; &#8211; &#8211; &#8211; &#8211; &#8211; &#8211; &#8211; &#8211; &#8211; &#8211; &#8211;<\/p>\n<p align=\"left\">Der Inhalt dieser Website ist urheberrechtlich gesch\u00fctzt. Alle Rechte, auch der \u00dcbersetzung der Webseite, des Nachdrucks und der Vervielf\u00e4ltigung des Inhalts oder Teilen daraus, sind vorbehalten. Der Inhalt dieser Seite darf in keiner Form ohne schriftliche Genehmigung reproduziert oder verarbeitet, vervielf\u00e4ltigt oder verbreitet werden.<\/p>\n<p align=\"left\">Obwohl die Inhalte der Seiten mit gr\u00f6\u00dftm\u00f6glicher Sorgfalt erstellt worden sind, wird \u00a0keine Haftung f\u00fcr deren Aktualit\u00e4t, Vollst\u00e4ndigkeit und Richtigkeit \u00fcbernommen.<\/p>\n<p align=\"left\">Die Seiten beinhalten auch Links zu externen Webseiten, auf deren Inhalt kein Einfluss besteht. Aus diesem Grund kann f\u00fcr diese fremden Inhalte auch keinerlei Haftung \u00fcbernommen werden. F\u00fcr diese Inhalte ist der jeweilige Anbieter bzw. Betreiber verantwortlich.<\/p>\n","protected":false},"excerpt":{"rendered":"<p>Verantwortlich f\u00fcr den Inhalt und dessen Richtigkeit dieser Webseite ist: Andrea Nold 1061 Marine Drive North Vancouver, B.C. V7P 1S6 &#8211; &#8211; &#8211; &#8211; &#8211; &#8211; &#8211; &#8211; &#8211; &#8211; &#8211; &#8211; &#8211; &#8211; &#8211; &#8211; &#8211; &#8211; &#8211; &#8211; &#8211; &#8211; &#8211; &#8211; &#8211; &#8211; &#8211; &#8211; Internet: http:\/\/www.transl8er.com E-Mail: office@transl8er.com &#8211; &#8211; &#8211; [&hellip;]<\/p>\n","protected":false},"author":1,"featured_media":0,"parent":0,"menu_order":0,"comment_status":"closed","ping_status":"closed","template":"","meta":[],"_links":{"self":[{"href":"https:\/\/transl8er.com\/index.php?rest_route=\/wp\/v2\/pages\/11"}],"collection":[{"href":"https:\/\/transl8er.com\/index.php?rest_route=\/wp\/v2\/pages"}],"about":[{"href":"https:\/\/transl8er.com\/index.php?rest_route=\/wp\/v2\/types\/page"}],"author":[{"embeddable":true,"href":"https:\/\/transl8er.com\/index.php?rest_route=\/wp\/v2\/users\/1"}],"replies":[{"embeddable":true,"href":"https:\/\/transl8er.com\/index.php?rest_route=%2Fwp%2Fv2%2Fcomments&post=11"}],"version-history":[{"count":2,"href":"https:\/\/transl8er.com\/index.php?rest_route=\/wp\/v2\/pages\/11\/revisions"}],"predecessor-version":[{"id":33,"href":"https:\/\/transl8er.com\/index.php?rest_route=\/wp\/v2\/pages\/11\/revisions\/33"}],"wp:attachment":[{"href":"https:\/\/transl8er.com\/index.php?rest_route=%2Fwp%2Fv2%2Fmedia&parent=11"}],"curies":[{"name":"wp","href":"https:\/\/api.w.org\/{rel}","templated":true}]}}